{"id":363,"date":"2019-11-27T14:18:06","date_gmt":"2019-11-27T13:18:06","guid":{"rendered":"http:\/\/shop.vodenmedical.com\/home\/"},"modified":"2020-03-19T11:11:02","modified_gmt":"2020-03-19T10:11:02","slug":"home","status":"publish","type":"page","link":"http:\/\/shop.vodenmedical.com\/es\/","title":{"rendered":"Home"},"content":{"rendered":"\t\t<div data-elementor-type=\"wp-page\" data-elementor-id=\"363\" class=\"elementor elementor-363\" data-elementor-settings=\"[]\">\n\t\t\t\t\t\t<div class=\"elementor-inner\">\n\t\t\t\t\t\t\t<div class=\"elementor-section-wrap\">\n\t\t\t\t\t\t\t<section class=\"elementor-section elementor-top-section elementor-element elementor-element-25ebf1a elementor-section-content-middle elementor-section-boxed elementor-section-height-default elementor-section-height-default\" data-id=\"25ebf1a\" data-element_type=\"section\" data-settings=\"{&quot;background_background&quot;:&quot;gradient&quot;,&quot;shape_divider_bottom&quot;:&quot;arrow&quot;}\">\n\t\t\t\t\t<div class=\"elementor-shape elementor-shape-bottom\" data-negative=\"false\">\n\t\t\t<svg xmlns=\"http:\/\/www.w3.org\/2000\/svg\" viewBox=\"0 0 700 10\" preserveAspectRatio=\"none\">\n\t<path class=\"elementor-shape-fill\" d=\"M350,10L340,0h20L350,10z\"\/>\n<\/svg>\t\t<\/div>\n\t\t\t\t\t<div class=\"elementor-container elementor-column-gap-default\">\n\t\t\t\t\t\t\t<div class=\"elementor-row\">\n\t\t\t\t\t<div class=\"elementor-column elementor-col-50 elementor-top-column elementor-element elementor-element-16bc87c\" data-id=\"16bc87c\" data-element_type=\"column\">\n\t\t\t<div class=\"elementor-column-wrap elementor-element-populated\">\n\t\t\t\t\t\t\t<div class=\"elementor-widget-wrap\">\n\t\t\t\t\t\t<div class=\"elementor-element elementor-element-08925d6 elementor-invisible elementor-widget elementor-widget-image\" data-id=\"08925d6\" data-element_type=\"widget\" data-settings=\"{&quot;_animation&quot;:&quot;fadeInLeft&quot;}\" data-widget_type=\"image.default\">\n\t\t\t\t<div class=\"elementor-widget-container\">\n\t\t\t\t\t\t\t\t<div class=\"elementor-image\">\n\t\t\t\t\t\t\t\t\t\t\t\t<img width=\"1000\" height=\"1607\" src=\"http:\/\/shop.vodenmedical.com\/wp-content\/uploads\/2019\/11\/doctor.png\" class=\"attachment-full size-full\" alt=\"\" loading=\"lazy\" srcset=\"http:\/\/shop.vodenmedical.com\/wp-content\/uploads\/2019\/11\/doctor.png 1000w, http:\/\/shop.vodenmedical.com\/wp-content\/uploads\/2019\/11\/doctor-187x300.png 187w, http:\/\/shop.vodenmedical.com\/wp-content\/uploads\/2019\/11\/doctor-637x1024.png 637w, http:\/\/shop.vodenmedical.com\/wp-content\/uploads\/2019\/11\/doctor-768x1234.png 768w, http:\/\/shop.vodenmedical.com\/wp-content\/uploads\/2019\/11\/doctor-956x1536.png 956w, http:\/\/shop.vodenmedical.com\/wp-content\/uploads\/2019\/11\/doctor-600x964.png 600w\" sizes=\"(max-width: 1000px) 100vw, 1000px\" \/>\t\t\t\t\t\t\t\t\t\t\t\t\t\t<\/div>\n\t\t\t\t\t\t<\/div>\n\t\t\t\t<\/div>\n\t\t\t\t\t\t<\/div>\n\t\t\t\t\t<\/div>\n\t\t<\/div>\n\t\t\t\t<div class=\"elementor-column elementor-col-50 elementor-top-column elementor-element elementor-element-e15828e\" data-id=\"e15828e\" data-element_type=\"column\">\n\t\t\t<div class=\"elementor-column-wrap elementor-element-populated\">\n\t\t\t\t\t\t\t<div class=\"elementor-widget-wrap\">\n\t\t\t\t\t\t<div class=\"elementor-element elementor-element-d77d6b4 elementor-hidden-phone elementor-invisible elementor-widget elementor-widget-image\" data-id=\"d77d6b4\" data-element_type=\"widget\" data-settings=\"{&quot;_animation&quot;:&quot;fadeInDown&quot;,&quot;_animation_delay&quot;:200}\" data-widget_type=\"image.default\">\n\t\t\t\t<div class=\"elementor-widget-container\">\n\t\t\t\t\t\t\t\t<div class=\"elementor-image\">\n\t\t\t\t\t\t\t\t\t\t\t\t<img width=\"358\" height=\"118\" src=\"http:\/\/shop.vodenmedical.com\/wp-content\/uploads\/2019\/11\/logo-voden.png\" class=\"attachment-full size-full\" alt=\"\" loading=\"lazy\" srcset=\"http:\/\/shop.vodenmedical.com\/wp-content\/uploads\/2019\/11\/logo-voden.png 358w, http:\/\/shop.vodenmedical.com\/wp-content\/uploads\/2019\/11\/logo-voden-300x99.png 300w\" sizes=\"(max-width: 358px) 100vw, 358px\" \/>\t\t\t\t\t\t\t\t\t\t\t\t\t\t<\/div>\n\t\t\t\t\t\t<\/div>\n\t\t\t\t<\/div>\n\t\t\t\t<div class=\"elementor-element elementor-element-ac75975 elementor-invisible elementor-widget elementor-widget-heading\" data-id=\"ac75975\" data-element_type=\"widget\" data-settings=\"{&quot;_animation&quot;:&quot;fadeIn&quot;,&quot;_animation_delay&quot;:300}\" data-widget_type=\"heading.default\">\n\t\t\t\t<div class=\"elementor-widget-container\">\n\t\t\t<h2 class=\"elementor-heading-title elementor-size-default\">Visita nuestra tienda online<\/h2>\t\t<\/div>\n\t\t\t\t<\/div>\n\t\t\t\t<div class=\"elementor-element elementor-element-e1cab37 elementor-view-framed elementor-shape-square elementor-invisible elementor-widget elementor-widget-icon\" data-id=\"e1cab37\" data-element_type=\"widget\" data-settings=\"{&quot;_animation&quot;:&quot;fadeIn&quot;,&quot;_animation_delay&quot;:400}\" data-widget_type=\"icon.default\">\n\t\t\t\t<div class=\"elementor-widget-container\">\n\t\t\t\t\t<div class=\"elementor-icon-wrapper\">\n\t\t\t<a class=\"elementor-icon\" href=\"#shop\">\n\t\t\t<i aria-hidden=\"true\" class=\"fas fa-arrow-down\"><\/i>\t\t\t<\/a>\n\t\t<\/div>\n\t\t\t\t<\/div>\n\t\t\t\t<\/div>\n\t\t\t\t\t\t<\/div>\n\t\t\t\t\t<\/div>\n\t\t<\/div>\n\t\t\t\t\t\t\t\t<\/div>\n\t\t\t\t\t<\/div>\n\t\t<\/section>\n\t\t\t\t<section class=\"elementor-section elementor-top-section elementor-element elementor-element-b474f39 elementor-section-boxed elementor-section-height-default elementor-section-height-default\" data-id=\"b474f39\" data-element_type=\"section\" id=\"shop\" data-settings=\"{&quot;background_background&quot;:&quot;classic&quot;}\">\n\t\t\t\t\t\t<div class=\"elementor-container elementor-column-gap-default\">\n\t\t\t\t\t\t\t<div class=\"elementor-row\">\n\t\t\t\t\t<div class=\"elementor-column elementor-col-100 elementor-top-column elementor-element elementor-element-7e1daa2\" data-id=\"7e1daa2\" data-element_type=\"column\">\n\t\t\t<div class=\"elementor-column-wrap elementor-element-populated\">\n\t\t\t\t\t\t\t<div class=\"elementor-widget-wrap\">\n\t\t\t\t\t\t<div class=\"elementor-element elementor-element-351883f elementor-widget elementor-widget-text-editor\" data-id=\"351883f\" data-element_type=\"widget\" data-widget_type=\"text-editor.default\">\n\t\t\t\t<div class=\"elementor-widget-container\">\n\t\t\t\t\t\t\t\t<div class=\"elementor-text-editor elementor-clearfix\">\n\t\t\t\t<p>BECAUSE OF CORONAVIRUS EMERGENCY, THE AVAILABILITY OF OUR PRODUCTS IS LIMITED.<br>THE PRODUCTS CURRENTLY PRESENT IN OUR E-COMMERCE ARE AVAILABLE BUT PLEASE CONTACT US TO ORDER THEM AS WE HAVE TO CHECK THE AVAILABILITY OF COURIERS.<\/p>\t\t\t\t\t<\/div>\n\t\t\t\t\t\t<\/div>\n\t\t\t\t<\/div>\n\t\t\t\t\t\t<\/div>\n\t\t\t\t\t<\/div>\n\t\t<\/div>\n\t\t\t\t\t\t\t\t<\/div>\n\t\t\t\t\t<\/div>\n\t\t<\/section>\n\t\t\t\t<section class=\"elementor-section elementor-top-section elementor-element elementor-element-fbdab21 elementor-section-boxed elementor-section-height-default elementor-section-height-default\" data-id=\"fbdab21\" data-element_type=\"section\">\n\t\t\t\t\t\t<div class=\"elementor-container elementor-column-gap-default\">\n\t\t\t\t\t\t\t<div class=\"elementor-row\">\n\t\t\t\t\t<div class=\"elementor-column elementor-col-100 elementor-top-column elementor-element elementor-element-597114e\" data-id=\"597114e\" data-element_type=\"column\">\n\t\t\t<div class=\"elementor-column-wrap elementor-element-populated\">\n\t\t\t\t\t\t\t<div class=\"elementor-widget-wrap\">\n\t\t\t\t\t\t<div class=\"elementor-element elementor-element-26b6ba0 elementor-widget elementor-widget-heading\" data-id=\"26b6ba0\" data-element_type=\"widget\" data-widget_type=\"heading.default\">\n\t\t\t\t<div class=\"elementor-widget-container\">\n\t\t\t<h2 class=\"elementor-heading-title elementor-size-default\">Nuestros productos<\/h2>\t\t<\/div>\n\t\t\t\t<\/div>\n\t\t\t\t<div class=\"elementor-element elementor-element-c8d2021 elementor-widget-divider--view-line_icon elementor-view-default elementor-widget-divider--element-align-center elementor-widget elementor-widget-divider\" data-id=\"c8d2021\" data-element_type=\"widget\" data-widget_type=\"divider.default\">\n\t\t\t\t<div class=\"elementor-widget-container\">\n\t\t\t\t\t<div class=\"elementor-divider\">\n\t\t\t<span class=\"elementor-divider-separator\">\n\t\t\t\t\t\t\t<div class=\"elementor-icon elementor-divider__element\">\n\t\t\t\t\t<i aria-hidden=\"true\" class=\"fas fa-square\"><\/i><\/div>\n\t\t\t\t\t\t<\/span>\n\t\t<\/div>\n\t\t\t\t<\/div>\n\t\t\t\t<\/div>\n\t\t\t\t<div class=\"elementor-element elementor-element-9ccd1e7 elementor-grid-3 elementor-grid-tablet-2 elementor-grid-mobile-1 elementor-posts--thumbnail-top elementor-card-shadow-yes elementor-posts__hover-gradient elementor-widget elementor-widget-posts\" data-id=\"9ccd1e7\" data-element_type=\"widget\" data-settings=\"{&quot;cards_columns&quot;:&quot;3&quot;,&quot;cards_columns_tablet&quot;:&quot;2&quot;,&quot;cards_columns_mobile&quot;:&quot;1&quot;,&quot;cards_row_gap&quot;:{&quot;unit&quot;:&quot;px&quot;,&quot;size&quot;:35,&quot;sizes&quot;:[]},&quot;cards_row_gap_tablet&quot;:{&quot;unit&quot;:&quot;px&quot;,&quot;size&quot;:&quot;&quot;,&quot;sizes&quot;:[]},&quot;cards_row_gap_mobile&quot;:{&quot;unit&quot;:&quot;px&quot;,&quot;size&quot;:&quot;&quot;,&quot;sizes&quot;:[]}}\" data-widget_type=\"posts.cards\">\n\t\t\t\t<div class=\"elementor-widget-container\">\n\t\t\t\t\t<div class=\"elementor-posts-container elementor-posts elementor-posts--skin-cards elementor-grid\">\n\t\t\t\t<article class=\"elementor-post elementor-grid-item post-378 post type-post status-publish format-standard has-post-thumbnail hentry category-sin-categorizar\">\n\t\t\t<div class=\"elementor-post__card\">\n\t\t\t\t<a class=\"elementor-post__thumbnail__link\" href=\"http:\/\/shop.vodenmedical.com\/es\/elementmulti\/\" ><div class=\"elementor-post__thumbnail\"><img width=\"1767\" height=\"2560\" src=\"http:\/\/shop.vodenmedical.com\/wp-content\/uploads\/2019\/11\/MultiElement-scaled.jpg\" class=\"attachment-full size-full\" alt=\"\" loading=\"lazy\" srcset=\"http:\/\/shop.vodenmedical.com\/wp-content\/uploads\/2019\/11\/MultiElement-scaled.jpg 1767w, http:\/\/shop.vodenmedical.com\/wp-content\/uploads\/2019\/11\/MultiElement-207x300.jpg 207w, http:\/\/shop.vodenmedical.com\/wp-content\/uploads\/2019\/11\/MultiElement-707x1024.jpg 707w, http:\/\/shop.vodenmedical.com\/wp-content\/uploads\/2019\/11\/MultiElement-768x1112.jpg 768w, http:\/\/shop.vodenmedical.com\/wp-content\/uploads\/2019\/11\/MultiElement-1060x1536.jpg 1060w, http:\/\/shop.vodenmedical.com\/wp-content\/uploads\/2019\/11\/MultiElement-1414x2048.jpg 1414w\" sizes=\"(max-width: 1767px) 100vw, 1767px\" \/><\/div><\/a>\n\t\t\t\t<div class=\"elementor-post__text\">\n\t\t\t\t<h3 class=\"elementor-post__title\">\n\t\t\t<a href=\"http:\/\/shop.vodenmedical.com\/es\/elementmulti\/\" >\n\t\t\t\tElement\u00aeMulti\t\t\t<\/a>\n\t\t<\/h3>\n\t\t\t\t<div class=\"elementor-post__excerpt\">\n\t\t\t<p>Sistema de qu\u00edmica cl\u00ednica port\u00e1til para la determinaci\u00f3n en\u00a0 autoan\u00e1lisis de los valores de Colesterol Totale, HDL, Triglic\u00e9ridos y Glucosa\u00a0 en tiras de test individual<\/p>\n\t\t<\/div>\n\t\t\t\t\t<a class=\"elementor-post__read-more\" href=\"http:\/\/shop.vodenmedical.com\/es\/elementmulti\/\" >\n\t\t\t\tDescubre m\u00e1s \u00bb\t\t\t<\/a>\n\t\t\t\t<\/div>\n\t\t\t\t\t<\/div>\n\t\t<\/article>\n\t\t\t\t<article class=\"elementor-post elementor-grid-item post-390 post type-post status-publish format-standard has-post-thumbnail hentry category-sin-categorizar\">\n\t\t\t<div class=\"elementor-post__card\">\n\t\t\t\t<a class=\"elementor-post__thumbnail__link\" href=\"http:\/\/shop.vodenmedical.com\/es\/glucoa1c\/\" ><div class=\"elementor-post__thumbnail\"><img width=\"900\" height=\"900\" src=\"http:\/\/shop.vodenmedical.com\/wp-content\/uploads\/2019\/11\/GlicoA1C.jpg\" class=\"attachment-full size-full\" alt=\"\" loading=\"lazy\" srcset=\"http:\/\/shop.vodenmedical.com\/wp-content\/uploads\/2019\/11\/GlicoA1C.jpg 900w, http:\/\/shop.vodenmedical.com\/wp-content\/uploads\/2019\/11\/GlicoA1C-300x300.jpg 300w, http:\/\/shop.vodenmedical.com\/wp-content\/uploads\/2019\/11\/GlicoA1C-150x150.jpg 150w, http:\/\/shop.vodenmedical.com\/wp-content\/uploads\/2019\/11\/GlicoA1C-768x768.jpg 768w\" sizes=\"(max-width: 900px) 100vw, 900px\" \/><\/div><\/a>\n\t\t\t\t<div class=\"elementor-post__text\">\n\t\t\t\t<h3 class=\"elementor-post__title\">\n\t\t\t<a href=\"http:\/\/shop.vodenmedical.com\/es\/glucoa1c\/\" >\n\t\t\t\tGluCoA1C\t\t\t<\/a>\n\t\t<\/h3>\n\t\t\t\t<div class=\"elementor-post__excerpt\">\n\t\t\t<p>Sistema port\u00e1til para la determinaci\u00f3n en autoan\u00e1lisis de los valores de Hemoglobina Glicosilada (HbA1C)a partir de una gota de sangre intera capilare. Ideal pars la<\/p>\n\t\t<\/div>\n\t\t\t\t\t<a class=\"elementor-post__read-more\" href=\"http:\/\/shop.vodenmedical.com\/es\/glucoa1c\/\" >\n\t\t\t\tDescubre m\u00e1s \u00bb\t\t\t<\/a>\n\t\t\t\t<\/div>\n\t\t\t\t\t<\/div>\n\t\t<\/article>\n\t\t\t\t<article class=\"elementor-post elementor-grid-item post-371 post type-post status-publish format-standard has-post-thumbnail hentry category-sin-categorizar\">\n\t\t\t<div class=\"elementor-post__card\">\n\t\t\t\t<a class=\"elementor-post__thumbnail__link\" href=\"http:\/\/shop.vodenmedical.com\/es\/mission-pt-inr-monitoring-system\/\" ><div class=\"elementor-post__thumbnail\"><img width=\"1000\" height=\"1179\" src=\"http:\/\/shop.vodenmedical.com\/wp-content\/uploads\/2019\/11\/PT_INR-Meter-and-2-strips_CMYK_300dpi.jpg\" class=\"attachment-full size-full\" alt=\"\" loading=\"lazy\" srcset=\"http:\/\/shop.vodenmedical.com\/wp-content\/uploads\/2019\/11\/PT_INR-Meter-and-2-strips_CMYK_300dpi.jpg 1000w, http:\/\/shop.vodenmedical.com\/wp-content\/uploads\/2019\/11\/PT_INR-Meter-and-2-strips_CMYK_300dpi-254x300.jpg 254w, http:\/\/shop.vodenmedical.com\/wp-content\/uploads\/2019\/11\/PT_INR-Meter-and-2-strips_CMYK_300dpi-869x1024.jpg 869w, http:\/\/shop.vodenmedical.com\/wp-content\/uploads\/2019\/11\/PT_INR-Meter-and-2-strips_CMYK_300dpi-768x905.jpg 768w\" sizes=\"(max-width: 1000px) 100vw, 1000px\" \/><\/div><\/a>\n\t\t\t\t<div class=\"elementor-post__text\">\n\t\t\t\t<h3 class=\"elementor-post__title\">\n\t\t\t<a href=\"http:\/\/shop.vodenmedical.com\/es\/mission-pt-inr-monitoring-system\/\" >\n\t\t\t\tMISSION PT\/INR\t\t\t<\/a>\n\t\t<\/h3>\n\t\t\t\t<div class=\"elementor-post__excerpt\">\n\t\t\t<p>Sistema de coagulaci\u00f3n port\u00e1til para la determinaci\u00f3n de los valores de PT\/INR (tiempo de protrombina) en autoan\u00e1lisis para la monitorizaci\u00f3n de la Terapia Anticoagulante Oral.<\/p>\n\t\t<\/div>\n\t\t\t\t\t<a class=\"elementor-post__read-more\" href=\"http:\/\/shop.vodenmedical.com\/es\/mission-pt-inr-monitoring-system\/\" >\n\t\t\t\tDescubre m\u00e1s \u00bb\t\t\t<\/a>\n\t\t\t\t<\/div>\n\t\t\t\t\t<\/div>\n\t\t<\/article>\n\t\t\t\t<\/div>\n\n\n\t\t\n\t\t\t\t<\/div>\n\t\t\t\t<\/div>\n\t\t\t\t\t\t<\/div>\n\t\t\t\t\t<\/div>\n\t\t<\/div>\n\t\t\t\t\t\t\t\t<\/div>\n\t\t\t\t\t<\/div>\n\t\t<\/section>\n\t\t\t\t\t\t<\/div>\n\t\t\t\t\t\t<\/div>\n\t\t\t\t\t<\/div>\n\t\t","protected":false},"excerpt":{"rendered":"<p>Visita nuestra tienda online BECAUSE OF CORONAVIRUS EMERGENCY, THE AVAILABILITY OF OUR PRODUCTS IS LIMITED.THE PRODUCTS CURRENTLY PRESENT IN OUR E-COMMERCE ARE AVAILABLE BUT PLEASE CONTACT US TO ORDER THEM AS WE HAVE TO CHECK THE AVAILABILITY OF COURIERS. Nuestros productos<\/p>\n","protected":false},"author":1,"featured_media":0,"parent":0,"menu_order":0,"comment_status":"closed","ping_status":"closed","template":"","meta":[],"acf":[],"_links":{"self":[{"href":"http:\/\/shop.vodenmedical.com\/es\/wp-json\/wp\/v2\/pages\/363"}],"collection":[{"href":"http:\/\/shop.vodenmedical.com\/es\/wp-json\/wp\/v2\/pages"}],"about":[{"href":"http:\/\/shop.vodenmedical.com\/es\/wp-json\/wp\/v2\/types\/page"}],"author":[{"embeddable":true,"href":"http:\/\/shop.vodenmedical.com\/es\/wp-json\/wp\/v2\/users\/1"}],"replies":[{"embeddable":true,"href":"http:\/\/shop.vodenmedical.com\/es\/wp-json\/wp\/v2\/comments?post=363"}],"version-history":[{"count":8,"href":"http:\/\/shop.vodenmedical.com\/es\/wp-json\/wp\/v2\/pages\/363\/revisions"}],"predecessor-version":[{"id":467,"href":"http:\/\/shop.vodenmedical.com\/es\/wp-json\/wp\/v2\/pages\/363\/revisions\/467"}],"wp:attachment":[{"href":"http:\/\/shop.vodenmedical.com\/es\/wp-json\/wp\/v2\/media?parent=363"}],"curies":[{"name":"wp","href":"https:\/\/api.w.org\/{rel}","templated":true}]}}